{"id":1131,"date":"2025-09-03T17:07:12","date_gmt":"2025-09-03T15:07:12","guid":{"rendered":"https:\/\/hidclinic.hu\/?page_id=1131"},"modified":"2025-09-11T21:04:25","modified_gmt":"2025-09-11T19:04:25","slug":"skinbooster-kezeles","status":"publish","type":"page","link":"https:\/\/hidclinic.hu\/en\/skinbooster-kezeles\/","title":{"rendered":"Skinbooster treatment"},"content":{"rendered":"<div data-elementor-type=\"wp-page\" data-elementor-id=\"1131\" class=\"elementor elementor-1131\" data-elementor-settings=\"{&quot;ha_cmc_init_switcher&quot;:&quot;no&quot;}\" data-elementor-post-type=\"page\">\n\t\t\t\t<div class=\"elementor-element elementor-element-988a6e9 e-con-full e-flex e-con e-parent\" data-id=\"988a6e9\" data-element_type=\"container\" data-e-type=\"container\" data-settings=\"{&quot;_ha_eqh_enable&quot;:false}\">\n\t\t\t\t<div class=\"elementor-element elementor-element-c092339 my-custom-title ha-has-bg-overlay elementor-widget elementor-widget-heading\" data-id=\"c092339\" data-element_type=\"widget\" data-e-type=\"widget\" data-widget_type=\"heading.default\">\n\t\t\t\t<div class=\"elementor-widget-container\">\n\t\t\t\t\t<h2 class=\"elementor-heading-title elementor-size-default\">Skinbooster treatment<\/h2>\t\t\t\t<\/div>\n\t\t\t\t<\/div>\n\t\t\t\t<\/div>\n\t\t<div class=\"elementor-element elementor-element-87ac3bc e-flex e-con-boxed e-con e-parent\" data-id=\"87ac3bc\" data-element_type=\"container\" data-e-type=\"container\" data-settings=\"{&quot;_ha_eqh_enable&quot;:false}\">\n\t\t\t\t\t<div class=\"e-con-inner\">\n\t\t\t\t<div class=\"elementor-element elementor-element-577b610 elementor-widget__width-initial elementor-widget elementor-widget-text-editor\" data-id=\"577b610\" data-element_type=\"widget\" data-e-type=\"widget\" data-widget_type=\"text-editor.default\">\n\t\t\t\t<div class=\"elementor-widget-container\">\n\t\t\t\t\t\t\t\t\t<p class=\"elementor-heading-title elementor-size-default\">Skinbooster treatment is a popular mesotherapy treatment that is mainly used to regenerate and hydrate the skin.<\/p>\t\t\t\t\t\t\t\t<\/div>\n\t\t\t\t<\/div>\n\t\t\t\t<div class=\"elementor-element elementor-element-54c35b0 elementor-widget-divider--view-line elementor-widget elementor-widget-divider\" data-id=\"54c35b0\" data-element_type=\"widget\" data-e-type=\"widget\" data-widget_type=\"divider.default\">\n\t\t\t\t<div class=\"elementor-widget-container\">\n\t\t\t\t\t\t\t<div class=\"elementor-divider\">\n\t\t\t<span class=\"elementor-divider-separator\">\n\t\t\t\t\t\t<\/span>\n\t\t<\/div>\n\t\t\t\t\t\t<\/div>\n\t\t\t\t<\/div>\n\t\t\t\t\t<\/div>\n\t\t\t\t<\/div>\n\t\t<div class=\"elementor-element elementor-element-2ae9e22 e-flex e-con-boxed e-con e-parent\" data-id=\"2ae9e22\" data-element_type=\"container\" data-e-type=\"container\" data-settings=\"{&quot;background_background&quot;:&quot;classic&quot;,&quot;_ha_eqh_enable&quot;:false}\">\n\t\t\t\t\t<div class=\"e-con-inner\">\n\t\t<div class=\"elementor-element elementor-element-2fa779d e-con-full e-flex e-con e-child\" data-id=\"2fa779d\" data-element_type=\"container\" data-e-type=\"container\" data-settings=\"{&quot;background_background&quot;:&quot;classic&quot;,&quot;_ha_eqh_enable&quot;:false}\">\n\t\t\t\t<div class=\"elementor-element elementor-element-9f13068 elementor-widget elementor-widget-text-editor\" data-id=\"9f13068\" data-element_type=\"widget\" data-e-type=\"widget\" data-widget_type=\"text-editor.default\">\n\t\t\t\t<div class=\"elementor-widget-container\">\n\t\t\t\t\t\t\t\t\t<div><p><img fetchpriority=\"high\" decoding=\"async\" class=\"wp-image-3828 size-medium alignright\" src=\"https:\/\/soulutionsmedical.hu\/wp-content\/uploads\/2024\/09\/IMG_6529-300x197.webp\" sizes=\"(max-width: 300px) 100vw, 300px\" srcset=\"https:\/\/soulutionsmedical.hu\/wp-content\/uploads\/2024\/09\/IMG_6529-300x197.webp 300w, https:\/\/soulutionsmedical.hu\/wp-content\/uploads\/2024\/09\/IMG_6529-1024x672.webp 1024w, https:\/\/soulutionsmedical.hu\/wp-content\/uploads\/2024\/09\/IMG_6529-768x504.webp 768w, https:\/\/soulutionsmedical.hu\/wp-content\/uploads\/2024\/09\/IMG_6529.webp 1500w\" alt=\"\" width=\"300\" height=\"197\" \/><\/p><p>The treatment is based on non-crosslinked hyaluronic acid, which is injected into the skin. In addition to hyaluronic acid, the preparation also contains amino acids, polyphenols, and antioxidants, which together help to hydrate, regenerate, and rejuvenate the skin.<\/p><p>The treatment is usually applied to the face, neck, d\u00e9collet\u00e9, and hands, but it is also suitable for other areas of the body, such as the inner thighs, arms, and abdomen. The aim of the treatment is to treat photoaging of the skin, improve skin elasticity and hydration, and eliminate fine lines and wrinkles.<\/p><p>The protocol usually involves one treatment per week, with an average treatment series consisting of 3-4 sessions.<\/p><\/div>\t\t\t\t\t\t\t\t<\/div>\n\t\t\t\t<\/div>\n\t\t\t\t<\/div>\n\t\t\t\t\t<\/div>\n\t\t\t\t<\/div>\n\t\t<div class=\"elementor-element elementor-element-b103c65 e-flex e-con-boxed e-con e-parent\" data-id=\"b103c65\" data-element_type=\"container\" data-e-type=\"container\" data-settings=\"{&quot;_ha_eqh_enable&quot;:false}\">\n\t\t\t\t\t<div class=\"e-con-inner\">\n\t\t\t\t<div class=\"elementor-element elementor-element-44555ad elementor-widget elementor-widget-heading\" data-id=\"44555ad\" data-element_type=\"widget\" data-e-type=\"widget\" data-widget_type=\"heading.default\">\n\t\t\t\t<div class=\"elementor-widget-container\">\n\t\t\t\t\t<h2 class=\"elementor-heading-title elementor-size-default\">From 80,000 HUF<\/h2>\t\t\t\t<\/div>\n\t\t\t\t<\/div>\n\t\t\t\t<div class=\"elementor-element elementor-element-be4e394 elementor-align-center elementor-widget elementor-widget-button\" data-id=\"be4e394\" data-element_type=\"widget\" data-e-type=\"widget\" data-widget_type=\"button.default\">\n\t\t\t\t<div class=\"elementor-widget-container\">\n\t\t\t\t\t\t\t\t\t<div class=\"elementor-button-wrapper\">\n\t\t\t\t\t<a class=\"elementor-button elementor-button-link elementor-size-sm\" href=\"https:\/\/hidklinika.salonic.hu\/\">\n\t\t\t\t\t\t<span class=\"elementor-button-content-wrapper\">\n\t\t\t\t\t\t\t\t\t<span class=\"elementor-button-text\">APPOINTMENT<\/span>\n\t\t\t\t\t<\/span>\n\t\t\t\t\t<\/a>\n\t\t\t\t<\/div>\n\t\t\t\t\t\t\t\t<\/div>\n\t\t\t\t<\/div>\n\t\t\t\t\t<\/div>\n\t\t\t\t<\/div>\n\t\t\t\t<\/div>","protected":false},"excerpt":{"rendered":"<p>Skinbooster kezel\u00e9s A Skinbooster kezel\u00e9s egy n\u00e9pszer\u0171 mezoter\u00e1pi\u00e1s kezel\u00e9s, amely f\u0151k\u00e9nt a b\u0151r regener\u00e1l\u00e1s\u00e1ra \u00e9s hidrat\u00e1l\u00e1s\u00e1ra szolg\u00e1l. A kezel\u00e9s alapja a nem keresztk\u00f6t\u00f6tt hialuronsav, amelyet a b\u0151rbe injekt\u00e1lnak. A hialuronsav mellett a k\u00e9sz\u00edtm\u00e9ny tartalmaz aminosavakat, polifenolokat \u00e9s antioxid\u00e1nsokat is, amelyek egy\u00fctt seg\u00edtik a b\u0151r hidrat\u00e1ci\u00f3j\u00e1t, regener\u00e1ci\u00f3j\u00e1t \u00e9s fiatal\u00edt\u00e1s\u00e1t. A kezel\u00e9st \u00e1ltal\u00e1ban az arcon, a nyakon, [&hellip;]<\/p>","protected":false},"author":1,"featured_media":0,"parent":0,"menu_order":0,"comment_status":"closed","ping_status":"closed","template":"elementor_header_footer","meta":{"_eb_attr":"","footnotes":""},"class_list":["post-1131","page","type-page","status-publish","hentry"],"yoast_head":"<!-- This site is optimized with the Yoast SEO Premium plugin v26.2 (Yoast SEO v26.3) - https:\/\/yoast.com\/wordpress\/plugins\/seo\/ -->\n<title>Skinbooster kezel\u00e9s - Hidclinic<\/title>\n<meta name=\"robots\" content=\"index, follow, max-snippet:-1, max-image-preview:large, max-video-preview:-1\" \/>\n<link rel=\"canonical\" href=\"https:\/\/hidclinic.hu\/en\/skinbooster-kezeles\/\" \/>\n<meta property=\"og:locale\" content=\"en_US\" \/>\n<meta property=\"og:type\" content=\"article\" \/>\n<meta property=\"og:title\" content=\"Skinbooster kezel\u00e9s\" \/>\n<meta property=\"og:description\" content=\"Skinbooster kezel\u00e9s A Skinbooster kezel\u00e9s egy n\u00e9pszer\u0171 mezoter\u00e1pi\u00e1s kezel\u00e9s, amely f\u0151k\u00e9nt a b\u0151r regener\u00e1l\u00e1s\u00e1ra \u00e9s hidrat\u00e1l\u00e1s\u00e1ra szolg\u00e1l. A kezel\u00e9s alapja a nem keresztk\u00f6t\u00f6tt hialuronsav, amelyet a b\u0151rbe injekt\u00e1lnak. A hialuronsav mellett a k\u00e9sz\u00edtm\u00e9ny tartalmaz aminosavakat, polifenolokat \u00e9s antioxid\u00e1nsokat is, amelyek egy\u00fctt seg\u00edtik a b\u0151r hidrat\u00e1ci\u00f3j\u00e1t, regener\u00e1ci\u00f3j\u00e1t \u00e9s fiatal\u00edt\u00e1s\u00e1t. A kezel\u00e9st \u00e1ltal\u00e1ban az arcon, a nyakon, [&hellip;]\" \/>\n<meta property=\"og:url\" content=\"https:\/\/hidclinic.hu\/en\/skinbooster-kezeles\/\" \/>\n<meta property=\"og:site_name\" content=\"Hidclinic\" \/>\n<meta property=\"article:modified_time\" content=\"2025-09-11T19:04:25+00:00\" \/>\n<meta property=\"og:image\" content=\"https:\/\/hidclinic.hu\/wp-content\/uploads\/2025\/11\/icon.png\" \/>\n\t<meta property=\"og:image:width\" content=\"2048\" \/>\n\t<meta property=\"og:image:height\" content=\"531\" \/>\n\t<meta property=\"og:image:type\" content=\"image\/png\" \/>\n<meta name=\"twitter:card\" content=\"summary_large_image\" \/>\n<meta name=\"twitter:label1\" content=\"Est. reading time\" \/>\n\t<meta name=\"twitter:data1\" content=\"1 minute\" \/>\n<script type=\"application\/ld+json\" class=\"yoast-schema-graph\">{\"@context\":\"https:\/\/schema.org\",\"@graph\":[{\"@type\":\"WebPage\",\"@id\":\"https:\/\/hidclinic.hu\/skinbooster-kezeles\/\",\"url\":\"https:\/\/hidclinic.hu\/skinbooster-kezeles\/\",\"name\":\"Skinbooster kezel\u00e9s - Hidclinic\",\"isPartOf\":{\"@id\":\"https:\/\/hidclinic.hu\/#website\"},\"primaryImageOfPage\":{\"@id\":\"https:\/\/hidclinic.hu\/skinbooster-kezeles\/#primaryimage\"},\"image\":{\"@id\":\"https:\/\/hidclinic.hu\/skinbooster-kezeles\/#primaryimage\"},\"thumbnailUrl\":\"https:\/\/soulutionsmedical.hu\/wp-content\/uploads\/2024\/09\/IMG_6529-300x197.webp\",\"datePublished\":\"2025-09-03T15:07:12+00:00\",\"dateModified\":\"2025-09-11T19:04:25+00:00\",\"breadcrumb\":{\"@id\":\"https:\/\/hidclinic.hu\/skinbooster-kezeles\/#breadcrumb\"},\"inLanguage\":\"en-US\",\"potentialAction\":[{\"@type\":\"ReadAction\",\"target\":[\"https:\/\/hidclinic.hu\/skinbooster-kezeles\/\"]}]},{\"@type\":\"ImageObject\",\"inLanguage\":\"en-US\",\"@id\":\"https:\/\/hidclinic.hu\/skinbooster-kezeles\/#primaryimage\",\"url\":\"https:\/\/soulutionsmedical.hu\/wp-content\/uploads\/2024\/09\/IMG_6529-300x197.webp\",\"contentUrl\":\"https:\/\/soulutionsmedical.hu\/wp-content\/uploads\/2024\/09\/IMG_6529-300x197.webp\"},{\"@type\":\"BreadcrumbList\",\"@id\":\"https:\/\/hidclinic.hu\/skinbooster-kezeles\/#breadcrumb\",\"itemListElement\":[{\"@type\":\"ListItem\",\"position\":1,\"name\":\"Kezd\u0151lap\",\"item\":\"https:\/\/hidclinic.hu\/\"},{\"@type\":\"ListItem\",\"position\":2,\"name\":\"Skinbooster kezel\u00e9s\"}]},{\"@type\":\"WebSite\",\"@id\":\"https:\/\/hidclinic.hu\/#website\",\"url\":\"https:\/\/hidclinic.hu\/\",\"name\":\"H\u00edd Klinika\",\"description\":\"\",\"publisher\":{\"@id\":\"https:\/\/hidclinic.hu\/#organization\"},\"potentialAction\":[{\"@type\":\"SearchAction\",\"target\":{\"@type\":\"EntryPoint\",\"urlTemplate\":\"https:\/\/hidclinic.hu\/?s={search_term_string}\"},\"query-input\":{\"@type\":\"PropertyValueSpecification\",\"valueRequired\":true,\"valueName\":\"search_term_string\"}}],\"inLanguage\":\"en-US\"},{\"@type\":\"Organization\",\"@id\":\"https:\/\/hidclinic.hu\/#organization\",\"name\":\"H\u00edd Klinika\",\"url\":\"https:\/\/hidclinic.hu\/\",\"logo\":{\"@type\":\"ImageObject\",\"inLanguage\":\"en-US\",\"@id\":\"https:\/\/hidclinic.hu\/#\/schema\/logo\/image\/\",\"url\":\"https:\/\/hidclinic.hu\/wp-content\/uploads\/2025\/11\/icon.png\",\"contentUrl\":\"https:\/\/hidclinic.hu\/wp-content\/uploads\/2025\/11\/icon.png\",\"width\":2048,\"height\":531,\"caption\":\"H\u00edd Klinika\"},\"image\":{\"@id\":\"https:\/\/hidclinic.hu\/#\/schema\/logo\/image\/\"}}]}<\/script>\n<!-- \/ Yoast SEO Premium plugin. -->","yoast_head_json":{"title":"Skinbooster kezel\u00e9s - Hidclinic","robots":{"index":"index","follow":"follow","max-snippet":"max-snippet:-1","max-image-preview":"max-image-preview:large","max-video-preview":"max-video-preview:-1"},"canonical":"https:\/\/hidclinic.hu\/en\/skinbooster-kezeles\/","og_locale":"en_US","og_type":"article","og_title":"Skinbooster kezel\u00e9s","og_description":"Skinbooster kezel\u00e9s A Skinbooster kezel\u00e9s egy n\u00e9pszer\u0171 mezoter\u00e1pi\u00e1s kezel\u00e9s, amely f\u0151k\u00e9nt a b\u0151r regener\u00e1l\u00e1s\u00e1ra \u00e9s hidrat\u00e1l\u00e1s\u00e1ra szolg\u00e1l. A kezel\u00e9s alapja a nem keresztk\u00f6t\u00f6tt hialuronsav, amelyet a b\u0151rbe injekt\u00e1lnak. A hialuronsav mellett a k\u00e9sz\u00edtm\u00e9ny tartalmaz aminosavakat, polifenolokat \u00e9s antioxid\u00e1nsokat is, amelyek egy\u00fctt seg\u00edtik a b\u0151r hidrat\u00e1ci\u00f3j\u00e1t, regener\u00e1ci\u00f3j\u00e1t \u00e9s fiatal\u00edt\u00e1s\u00e1t. A kezel\u00e9st \u00e1ltal\u00e1ban az arcon, a nyakon, [&hellip;]","og_url":"https:\/\/hidclinic.hu\/en\/skinbooster-kezeles\/","og_site_name":"Hidclinic","article_modified_time":"2025-09-11T19:04:25+00:00","og_image":[{"width":2048,"height":531,"url":"https:\/\/hidclinic.hu\/wp-content\/uploads\/2025\/11\/icon.png","type":"image\/png"}],"twitter_card":"summary_large_image","twitter_misc":{"Est. reading time":"1 minute"},"schema":{"@context":"https:\/\/schema.org","@graph":[{"@type":"WebPage","@id":"https:\/\/hidclinic.hu\/skinbooster-kezeles\/","url":"https:\/\/hidclinic.hu\/skinbooster-kezeles\/","name":"Skinbooster kezel\u00e9s - Hidclinic","isPartOf":{"@id":"https:\/\/hidclinic.hu\/#website"},"primaryImageOfPage":{"@id":"https:\/\/hidclinic.hu\/skinbooster-kezeles\/#primaryimage"},"image":{"@id":"https:\/\/hidclinic.hu\/skinbooster-kezeles\/#primaryimage"},"thumbnailUrl":"https:\/\/soulutionsmedical.hu\/wp-content\/uploads\/2024\/09\/IMG_6529-300x197.webp","datePublished":"2025-09-03T15:07:12+00:00","dateModified":"2025-09-11T19:04:25+00:00","breadcrumb":{"@id":"https:\/\/hidclinic.hu\/skinbooster-kezeles\/#breadcrumb"},"inLanguage":"en-US","potentialAction":[{"@type":"ReadAction","target":["https:\/\/hidclinic.hu\/skinbooster-kezeles\/"]}]},{"@type":"ImageObject","inLanguage":"en-US","@id":"https:\/\/hidclinic.hu\/skinbooster-kezeles\/#primaryimage","url":"https:\/\/soulutionsmedical.hu\/wp-content\/uploads\/2024\/09\/IMG_6529-300x197.webp","contentUrl":"https:\/\/soulutionsmedical.hu\/wp-content\/uploads\/2024\/09\/IMG_6529-300x197.webp"},{"@type":"BreadcrumbList","@id":"https:\/\/hidclinic.hu\/skinbooster-kezeles\/#breadcrumb","itemListElement":[{"@type":"ListItem","position":1,"name":"Kezd\u0151lap","item":"https:\/\/hidclinic.hu\/"},{"@type":"ListItem","position":2,"name":"Skinbooster kezel\u00e9s"}]},{"@type":"WebSite","@id":"https:\/\/hidclinic.hu\/#website","url":"https:\/\/hidclinic.hu\/","name":"H\u00edd Clinic","description":"","publisher":{"@id":"https:\/\/hidclinic.hu\/#organization"},"potentialAction":[{"@type":"SearchAction","target":{"@type":"EntryPoint","urlTemplate":"https:\/\/hidclinic.hu\/?s={search_term_string}"},"query-input":{"@type":"PropertyValueSpecification","valueRequired":true,"valueName":"search_term_string"}}],"inLanguage":"en-US"},{"@type":"Organization","@id":"https:\/\/hidclinic.hu\/#organization","name":"H\u00edd Clinic","url":"https:\/\/hidclinic.hu\/","logo":{"@type":"ImageObject","inLanguage":"en-US","@id":"https:\/\/hidclinic.hu\/#\/schema\/logo\/image\/","url":"https:\/\/hidclinic.hu\/wp-content\/uploads\/2025\/11\/icon.png","contentUrl":"https:\/\/hidclinic.hu\/wp-content\/uploads\/2025\/11\/icon.png","width":2048,"height":531,"caption":"H\u00edd Klinika"},"image":{"@id":"https:\/\/hidclinic.hu\/#\/schema\/logo\/image\/"}}]}},"_links":{"self":[{"href":"https:\/\/hidclinic.hu\/en\/wp-json\/wp\/v2\/pages\/1131","targetHints":{"allow":["GET"]}}],"collection":[{"href":"https:\/\/hidclinic.hu\/en\/wp-json\/wp\/v2\/pages"}],"about":[{"href":"https:\/\/hidclinic.hu\/en\/wp-json\/wp\/v2\/types\/page"}],"author":[{"embeddable":true,"href":"https:\/\/hidclinic.hu\/en\/wp-json\/wp\/v2\/users\/1"}],"replies":[{"embeddable":true,"href":"https:\/\/hidclinic.hu\/en\/wp-json\/wp\/v2\/comments?post=1131"}],"version-history":[{"count":16,"href":"https:\/\/hidclinic.hu\/en\/wp-json\/wp\/v2\/pages\/1131\/revisions"}],"predecessor-version":[{"id":1859,"href":"https:\/\/hidclinic.hu\/en\/wp-json\/wp\/v2\/pages\/1131\/revisions\/1859"}],"wp:attachment":[{"href":"https:\/\/hidclinic.hu\/en\/wp-json\/wp\/v2\/media?parent=1131"}],"curies":[{"name":"wp","href":"https:\/\/api.w.org\/{rel}","templated":true}]}}